{"id":9,"date":"2021-11-21T18:06:40","date_gmt":"2021-11-21T17:06:40","guid":{"rendered":"https:\/\/mariangawron.pl\/?page_id=9"},"modified":"2021-11-21T18:37:11","modified_gmt":"2021-11-21T17:37:11","slug":"marian-gawron-zyciorys","status":"publish","type":"page","link":"https:\/\/mariangawron.pl\/index.php\/marian-gawron-zyciorys\/","title":{"rendered":"\u017byciorys"},"content":{"rendered":"\n<div class=\"wp-block-image\"><figure class=\"alignleft size-large is-resized\"><img loading=\"lazy\" decoding=\"async\" src=\"https:\/\/mariangawron.pl\/wp-content\/uploads\/2021\/11\/Marian-Gawron-683x1024.jpg\" alt=\"Marian Gawron\" class=\"wp-image-5\" width=\"215\" height=\"327\"\/><figcaption>Marian Gawron<\/figcaption><\/figure><\/div>\n\n\n\n<p>Urodzony <strong>25 marca 1920r.<\/strong> w Ziel\u0119cinie powiat Ko\u015bcian. Do si\u00f3dmego roku \u017cycia przebywa\u0142 w domu przy rodzicach. W 1927 roku rozpocz\u0105\u0142 nauk\u0119 w Szkole Powszechnej w Ziel\u0119cinie, kt\u00f3r\u0105 uko\u0144czy\u0142 25 czerwca 1934r.<\/p>\n\n\n\n<p><strong>07 marca 1939r.<\/strong> \u2013 ochotniczo wst\u0105pi\u0142 do Wojskowej Szko\u0142y Podoficerskiej dla Ma\u0142oletnich nr . 3 w Koninie, gdzie przebywa\u0142 do 01 wrze\u015bnia 1939r. w tym dniu zosta\u0142 przydzielony do 10 Grupy Specjalnej Armii Pozna\u0144. Bra\u0142 udzia\u0142 w walkach z Niemcami na szklaku bojowym Konin \u2013 Kutno \u2013 Sochaczew.<\/p>\n\n\n\n<p><strong>17 wrze\u015bnia 1939r.<\/strong> \u2013 zosta\u0142 zabrany do niewoli niemieckiej. Macierzysty ob\u00f3z Stalag 12-A Limburg a\/Lahn oraz V.D.Z., XXIB, IXA. Przebywa\u0142 w niewoli w r\u00f3\u017cnych Arbeitz \u2013 Komandach. Mia\u0142 numer obozowy 721.<\/p>\n\n\n\n<p><strong>23 kwietnia 1944r.<\/strong> \u2013 zbieg\u0142 z niewoli<\/p>\n\n\n\n<p><strong>06 maja 1944r.<\/strong> \u2013 wst\u0105pi\u0142 do Armii Polskiej na Zachodzie (z pomoc\u0105 francuskiego Ruchu Oporu) Zosta\u0142 przydzielony do 1-szej Dywizji Pancernej im. Genera\u0142a Stanis\u0142awa Maczka, gdzie przeby\u0142 szlak bojowy w okolicy Le Mans-Achen.<\/p>\n\n\n\n<p><strong>08 lutego 1945r.<\/strong> \u2013 zosta\u0142 przydzielony do 4-tej Dywizji Piechoty 8-mej brygady 24 Baonu (Batalionu) Gran. \u015al\u0105sk na terenie Anglii (Szkocja) do dnia 20 marca 1946r.<\/p>\n\n\n\n<p><strong>20 marca 1946r.<\/strong> \u2013 ochotniczo powr\u00f3ci\u0142 do Kraju.<\/p>\n\n\n\n<p><strong>20 marca 1946r.<\/strong> \u2013 zosta\u0142 zwolniony do rezerwy Gda\u0144sk (Wrzeszcz) (rozk. Nacz. D-cy W.P. nr. 0181 z dn. 18 sierpnia 1945r.)<\/p>\n\n\n\n<p><strong>01 sierpnia 1946r.<\/strong> \u2013 <strong>31 grudnia 1967r.<\/strong> \u2013 pracowa\u0142 zawodowo.<\/p>\n\n\n\n<p><strong>07 listopad 1946r.<\/strong> \u2013 \u015blub.<\/p>\n\n\n\n<p><strong>1950r.<\/strong> \u2013 zosta\u0142 cz\u0142onkiem Zwi\u0105zku Nauczycielstwa Polskiego.<\/p>\n\n\n\n<p><strong>10 kwietnia 1957r.<\/strong> \u2013 <strong>02 maja 1969r.<\/strong> \u2013 by\u0142 cz\u0142onkiem Komisji Rewizyjnej Zwi\u0105zku Inwalid\u00f3w Wojennych oddzia\u0142 Grodzisk Wielkopolski.<\/p>\n\n\n\n<p><strong>02 maja 1969r.<\/strong> \u2013 <strong>05 pa\u017adziernika 1972r.<\/strong> \u2013 by\u0142 sekretarzem Zwi\u0105zku Inwalid\u00f3w Wojennych oddzia\u0142 Grodzisk Wielkopolski<\/p>\n\n\n\n<p><strong>30 grudnia 1969r.<\/strong> \u2013 z uwagi na stan zdrowia, kt\u00f3re straci\u0142 w czasie II Wojny \u015awiatowej otrzyma\u0142 rent\u0119 inwalidzk\u0105 (inwalida wojenny).<\/p>\n\n\n\n<p><strong>05 listopada 1972r.<\/strong> \u2013 <strong>03 czerwca 2002r.<\/strong> \u2013 by\u0142 Prezesem Oddzia\u0142u Zwi\u0105zku Inwalid\u00f3w Wojennych w Grodzisku Wielkopolskim. By\u0142 cz\u0142onkiem zarz\u0105du oraz cz\u0142onkiem Komisji Socjalno \u2013 Bytowej w Poznaniu. By\u0142 Delegatem na zjazdach ko\u0142a Z.B.O.W.I.D. w Grodzisku Wielkopolskim.<\/p>\n\n\n\n<p><strong>09 maja 1980r.<\/strong> \u2013 otrzyma\u0142 nominacj\u0119 na starszego kaprala.<\/p>\n\n\n\n<p><strong>12 pa\u017adziernika 1983r.<\/strong> \u2013 otrzyma\u0142 nominacj\u0119 na sier\u017canta Wojska Polskiego<\/p>\n\n\n\n<p>1944r. \u2013 wyda\u0142 &nbsp;broszur\u0119: Zarys Historii Zwi\u0105zku Inwalid\u00f3w Wojennych RP w Grodzisk Wielkopolskim 1919 \u2013 1994r.<\/p>\n\n\n\n<p><strong>02 sierpnia 1999r.<\/strong> \u2013 otrzyma\u0142 nominacj\u0119 na podporucznika Wojska Polskiego.<\/p>\n\n\n\n<p><strong>09 kwietnia 2002r.<\/strong> \u2013 zosta\u0142 wyr\u00f3\u017cniony wpisem do Honorowej Ksi\u0119gi Zas\u0142u\u017conych dla Zwi\u0105zku Inwalid\u00f3w Wojennych RP Okr\u0119gu Pozna\u0144skiego. Posiada Wiele dowod\u00f3w uznania za prace zawodow\u0105 i spo\u0142eczn\u0105 na rzecz Zwi\u0105zku Inwalid\u00f3w Wojennych, Z.B.O.W.I.D., L.O.K. \u00a0Miasta i Gminy Grodzisk Wielkopolski. Posiada tak\u017ce liczne medale i odznaczenia miedzy innymi:<\/p>\n\n\n\n<p>&#8211; Medal Zwyci\u0119stwa I Wolno\u015bci 1945r. (<strong>09 maj 1945r.<\/strong>)<\/p>\n\n\n\n<p>&#8211; Krzy\u017c Kawalerski Orderu Odrodzenia Polski (<strong>22 wrze\u015bnia 1972r.<\/strong>)<\/p>\n\n\n\n<p>&#8211; Srebrn\u0105 Odznak\u0119 Zas\u0142u\u017conych Dzia\u0142aczy L.O.K. (<strong>20 maja 1978r.<\/strong>)<\/p>\n\n\n\n<p>-Odznak\u0119 Honorow\u0105 za Zas\u0142ugi w Rozwoju Wojew\u00f3dztwa Pozna\u0144skiego (<strong>04 wrze\u015bnia 1978r.<\/strong>)<\/p>\n\n\n\n<p>&#8211; Medal za Udzia\u0142 w Wojnie Obronnej 1939r. (<strong>12 stycznia 1983r.<\/strong>)<\/p>\n\n\n\n<p>&#8211; Z\u0142ot\u0105 Odznak\u0119 Zas\u0142u\u017conych Dzia\u0142aczy L.O.K. (<strong>12 wrze\u015bnia 1983r.<\/strong>)<\/p>\n\n\n\n<p>&#8211; Odznak\u0119 Opiekuna Miejsca Pami\u0119ci Narodowej (<strong>17 stycznia 1984r.<\/strong>)<\/p>\n\n\n\n<p>&#8211; Srebrny Medal Opiekuna Miejsc Pami\u0119ci Narodowej (<strong>30 marca 1984r.<\/strong>)<\/p>\n\n\n\n<p>&#8211; Medal 40-lecia Polski Ludowej (<strong>22 lipca 1984r.<\/strong>)<\/p>\n\n\n\n<p>&#8211; Krzy\u017c Oficerski Orderu Odrodzenia Polski (<strong>14 sierpnia 1985r.<\/strong>)<\/p>\n\n\n\n<p>&#8211; Za zas\u0142ugi dla Miasta i Gminy Grodzisk Wielkopolski otrzyma\u0142 Okoliczno\u015bciow\u0105 Pater\u0119 (<strong>15 listopada 1989r.<\/strong>)<\/p>\n\n\n\n<p>&#8211; Krzy\u017c Czynu Bojowego Polskich Si\u0142 Zbrojnych na Zachodzi (<strong>15 pa\u017adziernika 1990r.<\/strong>)<\/p>\n\n\n\n<p>&#8211; Medal za D\u0142ugoletnie Po\u017cycie Ma\u0142\u017ce\u0144skie (<strong>27 sierpnia 1996r.<\/strong>)<\/p>\n\n\n\n<p>&#8211; Z\u0142ot\u0105 Odznak\u0119 Honorow\u0105 Zwi\u0105zku Inwalid\u00f3w Wojennych RP (<strong>28 czerwca 1999r.<\/strong>)<\/p>\n\n\n\n<p>&#8211; Order U\u015bmiechu od harcerzy przy Szkole Podstawowej w Kobylnikach.<\/p>\n\n\n\n<p><strong>04 czerwca 2002r.<\/strong> \u2013 zmar\u0142.<\/p>\n","protected":false},"excerpt":{"rendered":"<p>Urodzony 25 marca 1920r. w Ziel\u0119cinie powiat Ko\u015bcian. Do si\u00f3dmego roku \u017cycia przebywa\u0142 w domu przy rodzicach. W 1927 roku rozpocz\u0105\u0142 nauk\u0119 w Szkole Powszechnej w Ziel\u0119cinie, kt\u00f3r\u0105 uko\u0144czy\u0142 25 czerwca 1934r. 07 marca 1939r. \u2013 ochotniczo wst\u0105pi\u0142 do Wojskowej Szko\u0142y Podoficerskiej dla Ma\u0142oletnich nr . 3 w Koninie, gdzie przebywa\u0142 do 01 wrze\u015bnia 1939r. [&hellip;]<\/p>\n","protected":false},"author":1,"featured_media":0,"parent":0,"menu_order":0,"comment_status":"closed","ping_status":"closed","template":"","meta":{"hide_page_title":"","_coblocks_attr":"","_coblocks_dimensions":"","_coblocks_responsive_height":"","_coblocks_accordion_ie_support":"","footnotes":""},"class_list":["post-9","page","type-page","status-publish","hentry"],"_links":{"self":[{"href":"https:\/\/mariangawron.pl\/index.php\/wp-json\/wp\/v2\/pages\/9","targetHints":{"allow":["GET"]}}],"collection":[{"href":"https:\/\/mariangawron.pl\/index.php\/wp-json\/wp\/v2\/pages"}],"about":[{"href":"https:\/\/mariangawron.pl\/index.php\/wp-json\/wp\/v2\/types\/page"}],"author":[{"embeddable":true,"href":"https:\/\/mariangawron.pl\/index.php\/wp-json\/wp\/v2\/users\/1"}],"replies":[{"embeddable":true,"href":"https:\/\/mariangawron.pl\/index.php\/wp-json\/wp\/v2\/comments?post=9"}],"version-history":[{"count":3,"href":"https:\/\/mariangawron.pl\/index.php\/wp-json\/wp\/v2\/pages\/9\/revisions"}],"predecessor-version":[{"id":44,"href":"https:\/\/mariangawron.pl\/index.php\/wp-json\/wp\/v2\/pages\/9\/revisions\/44"}],"wp:attachment":[{"href":"https:\/\/mariangawron.pl\/index.php\/wp-json\/wp\/v2\/media?parent=9"}],"curies":[{"name":"wp","href":"https:\/\/api.w.org\/{rel}","templated":true}]}}